{"id":12,"date":"2023-11-30T10:34:34","date_gmt":"2023-11-30T10:34:34","guid":{"rendered":"https:\/\/pnvtextile.com.vn\/?page_id=12"},"modified":"2023-12-22T09:32:02","modified_gmt":"2023-12-22T09:32:02","slug":"trang-chu","status":"publish","type":"page","link":"https:\/\/phuongnamviet.vn\/","title":{"rendered":"TRANG CH\u1ee6"},"content":{"rendered":"<div class=\"slider-wrapper relative\" id=\"slider-2044306242\" >\n    <div class=\"slider slider-nav-circle slider-nav-large slider-nav-light slider-style-normal\"\n        data-flickity-options='{\n            \"cellAlign\": \"center\",\n            \"imagesLoaded\": true,\n            \"lazyLoad\": 1,\n            \"freeScroll\": false,\n            \"wrapAround\": true,\n            \"autoPlay\": 6000,\n            \"pauseAutoPlayOnHover\" : true,\n            \"prevNextButtons\": true,\n            \"contain\" : true,\n            \"adaptiveHeight\" : true,\n            \"dragThreshold\" : 10,\n            \"percentPosition\": true,\n            \"pageDots\": true,\n            \"rightToLeft\": false,\n            \"draggable\": true,\n            \"selectedAttraction\": 0.1,\n            \"parallax\" : 0,\n            \"friction\": 0.6        }'\n        >\n        \n\t<div class=\"img has-hover x md-x lg-x y md-y lg-y\" id=\"image_1156521954\">\n\t\t\t\t\t\t\t\t<div class=\"img-inner dark\" >\n\t\t\t<img loading=\"lazy\" decoding=\"async\" width=\"1020\" height=\"721\" src=\"https:\/\/phuongnamviet.vn\/wp-content\/uploads\/2023\/12\/PROFILE-1-1024x724.png\" class=\"attachment-large size-large\" alt=\"\" srcset=\"https:\/\/phuongnamviet.vn\/wp-content\/uploads\/2023\/12\/PROFILE-1-1024x724.png 1024w, https:\/\/phuongnamviet.vn\/wp-content\/uploads\/2023\/12\/PROFILE-1-300x212.png 300w, https:\/\/phuongnamviet.vn\/wp-content\/uploads\/2023\/12\/PROFILE-1-768x543.png 768w, https:\/\/phuongnamviet.vn\/wp-content\/uploads\/2023\/12\/PROFILE-1-1536x1086.png 1536w, https:\/\/phuongnamviet.vn\/wp-content\/uploads\/2023\/12\/PROFILE-1-2048x1448.png 2048w, https:\/\/phuongnamviet.vn\/wp-content\/uploads\/2023\/12\/PROFILE-1-600x424.png 600w\" sizes=\"auto, (max-width: 1020px) 100vw, 1020px\" \/>\t\t\t\t\t\t\n\t\t\t\t\t<\/div>\n\t\t\t\t\t\t\t\t\n<style>\n#image_1156521954 {\n  width: 100%;\n}\n<\/style>\n\t<\/div>\n\t\n\t<div class=\"img has-hover x md-x lg-x y md-y lg-y\" id=\"image_440031174\">\n\t\t\t\t\t\t\t\t<div class=\"img-inner dark\" >\n\t\t\t<img loading=\"lazy\" decoding=\"async\" width=\"1020\" height=\"721\" src=\"https:\/\/phuongnamviet.vn\/wp-content\/uploads\/2023\/12\/PROFILE-2-1024x724.png\" class=\"attachment-large size-large\" alt=\"\" srcset=\"https:\/\/phuongnamviet.vn\/wp-content\/uploads\/2023\/12\/PROFILE-2-1024x724.png 1024w, https:\/\/phuongnamviet.vn\/wp-content\/uploads\/2023\/12\/PROFILE-2-300x212.png 300w, https:\/\/phuongnamviet.vn\/wp-content\/uploads\/2023\/12\/PROFILE-2-768x543.png 768w, https:\/\/phuongnamviet.vn\/wp-content\/uploads\/2023\/12\/PROFILE-2-1536x1086.png 1536w, https:\/\/phuongnamviet.vn\/wp-content\/uploads\/2023\/12\/PROFILE-2-2048x1448.png 2048w, https:\/\/phuongnamviet.vn\/wp-content\/uploads\/2023\/12\/PROFILE-2-600x424.png 600w\" sizes=\"auto, (max-width: 1020px) 100vw, 1020px\" \/>\t\t\t\t\t\t\n\t\t\t\t\t<\/div>\n\t\t\t\t\t\t\t\t\n<style>\n#image_440031174 {\n  width: 100%;\n}\n<\/style>\n\t<\/div>\n\t\n\t<div class=\"img has-hover x md-x lg-x y md-y lg-y\" id=\"image_109412979\">\n\t\t\t\t\t\t\t\t<div class=\"img-inner dark\" >\n\t\t\t<img loading=\"lazy\" decoding=\"async\" width=\"1020\" height=\"721\" src=\"https:\/\/phuongnamviet.vn\/wp-content\/uploads\/2023\/12\/PROFILE-3-1024x724.png\" class=\"attachment-large size-large\" alt=\"\" srcset=\"https:\/\/phuongnamviet.vn\/wp-content\/uploads\/2023\/12\/PROFILE-3-1024x724.png 1024w, https:\/\/phuongnamviet.vn\/wp-content\/uploads\/2023\/12\/PROFILE-3-300x212.png 300w, https:\/\/phuongnamviet.vn\/wp-content\/uploads\/2023\/12\/PROFILE-3-768x543.png 768w, https:\/\/phuongnamviet.vn\/wp-content\/uploads\/2023\/12\/PROFILE-3-1536x1086.png 1536w, https:\/\/phuongnamviet.vn\/wp-content\/uploads\/2023\/12\/PROFILE-3-2048x1448.png 2048w, https:\/\/phuongnamviet.vn\/wp-content\/uploads\/2023\/12\/PROFILE-3-600x424.png 600w\" sizes=\"auto, (max-width: 1020px) 100vw, 1020px\" \/>\t\t\t\t\t\t\n\t\t\t\t\t<\/div>\n\t\t\t\t\t\t\t\t\n<style>\n#image_109412979 {\n  width: 100%;\n}\n<\/style>\n\t<\/div>\n\t\n\t<div class=\"img has-hover x md-x lg-x y md-y lg-y\" id=\"image_1175079672\">\n\t\t\t\t\t\t\t\t<div class=\"img-inner dark\" >\n\t\t\t<img loading=\"lazy\" decoding=\"async\" width=\"1020\" height=\"721\" src=\"https:\/\/phuongnamviet.vn\/wp-content\/uploads\/2023\/12\/PROFILE-5-1024x724.png\" class=\"attachment-large size-large\" alt=\"\" srcset=\"https:\/\/phuongnamviet.vn\/wp-content\/uploads\/2023\/12\/PROFILE-5-1024x724.png 1024w, https:\/\/phuongnamviet.vn\/wp-content\/uploads\/2023\/12\/PROFILE-5-300x212.png 300w, https:\/\/phuongnamviet.vn\/wp-content\/uploads\/2023\/12\/PROFILE-5-768x543.png 768w, https:\/\/phuongnamviet.vn\/wp-content\/uploads\/2023\/12\/PROFILE-5-1536x1086.png 1536w, https:\/\/phuongnamviet.vn\/wp-content\/uploads\/2023\/12\/PROFILE-5-2048x1448.png 2048w, https:\/\/phuongnamviet.vn\/wp-content\/uploads\/2023\/12\/PROFILE-5-600x424.png 600w\" sizes=\"auto, (max-width: 1020px) 100vw, 1020px\" \/>\t\t\t\t\t\t\n\t\t\t\t\t<\/div>\n\t\t\t\t\t\t\t\t\n<style>\n#image_1175079672 {\n  width: 100%;\n}\n<\/style>\n\t<\/div>\n\t\n\t<div class=\"img has-hover x md-x lg-x y md-y lg-y\" id=\"image_502026904\">\n\t\t\t\t\t\t\t\t<div class=\"img-inner dark\" >\n\t\t\t<img loading=\"lazy\" decoding=\"async\" width=\"1020\" height=\"721\" src=\"https:\/\/phuongnamviet.vn\/wp-content\/uploads\/2023\/12\/PROFILE-4-1024x724.png\" class=\"attachment-large size-large\" alt=\"\" srcset=\"https:\/\/phuongnamviet.vn\/wp-content\/uploads\/2023\/12\/PROFILE-4-1024x724.png 1024w, https:\/\/phuongnamviet.vn\/wp-content\/uploads\/2023\/12\/PROFILE-4-300x212.png 300w, https:\/\/phuongnamviet.vn\/wp-content\/uploads\/2023\/12\/PROFILE-4-768x543.png 768w, https:\/\/phuongnamviet.vn\/wp-content\/uploads\/2023\/12\/PROFILE-4-1536x1086.png 1536w, https:\/\/phuongnamviet.vn\/wp-content\/uploads\/2023\/12\/PROFILE-4-2048x1448.png 2048w, https:\/\/phuongnamviet.vn\/wp-content\/uploads\/2023\/12\/PROFILE-4-600x424.png 600w\" sizes=\"auto, (max-width: 1020px) 100vw, 1020px\" \/>\t\t\t\t\t\t\n\t\t\t\t\t<\/div>\n\t\t\t\t\t\t\t\t\n<style>\n#image_502026904 {\n  width: 100%;\n}\n<\/style>\n\t<\/div>\n\t\n     <\/div>\n\n     <div class=\"loading-spin dark large centered\"><\/div>\n\n     \t<\/div>\n\n\n<div class=\"container section-title-container\" ><h2 class=\"section-title section-title-center\"><b><\/b><span class=\"section-title-main\" style=\"color:rgb(255, 0, 0);\">S\u1ea2N PH\u1ea8M<\/span><b><\/b><\/h2><\/div>\n<div class=\"row\"  id=\"row-666418750\">\n\n\t<div id=\"col-648422184\" class=\"col medium-6 small-12 large-6\"  >\n\t\t\t\t<div class=\"col-inner\"  >\n\t\t\t\n\t\t\t\n\t<div class=\"box has-hover   has-hover box-text-bottom\" >\n\n\t\t<div class=\"box-image\" >\n\t\t\t\t\t\t<div class=\"image-cover\" style=\"padding-top:56.25%;\">\n\t\t\t\t<img loading=\"lazy\" decoding=\"async\" width=\"550\" height=\"366\" src=\"https:\/\/phuongnamviet.vn\/wp-content\/uploads\/2023\/11\/Vai-khong-det-khang-khuan.jpg\" class=\"attachment- size-\" alt=\"\" srcset=\"https:\/\/phuongnamviet.vn\/wp-content\/uploads\/2023\/11\/Vai-khong-det-khang-khuan.jpg 550w, https:\/\/phuongnamviet.vn\/wp-content\/uploads\/2023\/11\/Vai-khong-det-khang-khuan-300x200.jpg 300w\" sizes=\"auto, (max-width: 550px) 100vw, 550px\" \/>\t\t\t\t\t\t\t\t\t\t\t<\/div>\n\t\t\t\t\t<\/div>\n\n\t\t<div class=\"box-text text-center\" >\n\t\t\t<div class=\"box-text-inner\">\n\t\t\t\t\n<h3 style=\"text-align: center;\"><span data-text-color=\"alert\"><strong>V\u1ea2I KH\u00c1NG KHU\u1ea8N<\/strong><\/span><\/h3>\n<p style=\"text-align: center;\"><strong>V\u1ea3i kh\u00e1ng khu\u1ea9n<\/strong>\u00a0l\u00e0 m\u1ed9t trong nh\u1eefng y\u1ebfu t\u1ed1 c\u1ee7a xu h\u01b0\u1edbng c\u1ee7a \u0111\u1ed3ng ph\u1ee5c hi\u1ec7n nay, lo\u1ea1i v\u1ea3i kh\u00e1ng khu\u1ea9n \u0111\u00e3 tr\u1edf th\u00e0nh y\u1ebfu t\u1ed1 l\u1ef1a ch\u1ecdn h\u00e0ng \u0111\u1ea7u c\u1ee7a ng\u01b0\u1eddi d\u00f9ng cho nh\u1eefng b\u1ed9 \u0111\u1ed3ng ph\u1ee5c h\u00e0ng ng\u00e0y hi\u1ec7n nay. Tuy nhi\u00ean, nhi\u1ec1u ng\u01b0\u1eddi trong ng\u00e0nh d\u1ec7t may nghi ng\u1edd li\u1ec7u v\u1ea3i d\u1ec7t\u00a0<strong>\u201ckh\u00e1ng khu\u1ea9n\u201d<\/strong>\u00a0l\u00e0 xu h\u01b0\u1edbng hay l\u00e0 ch\u1ec9 ti\u1ebfp th\u1ecb.<\/p>\n\t\t\t<\/div>\n\t\t<\/div>\n\t<\/div>\n\t\n\t\t<\/div>\n\t\t\t\t\t<\/div>\n\n\t\n\n\t<div id=\"col-1858644167\" class=\"col medium-6 small-12 large-6\"  >\n\t\t\t\t<div class=\"col-inner\"  >\n\t\t\t\n\t\t\t\n\t<div class=\"box has-hover   has-hover box-text-bottom\" >\n\n\t\t<div class=\"box-image\" >\n\t\t\t\t\t\t<div class=\"image-cover\" style=\"padding-top:56.25%;\">\n\t\t\t\t<img loading=\"lazy\" decoding=\"async\" width=\"757\" height=\"504\" src=\"https:\/\/phuongnamviet.vn\/wp-content\/uploads\/2023\/11\/vai-bo-poly-chong-tham-truot-nuoc.jpg\" class=\"attachment- size-\" alt=\"\" srcset=\"https:\/\/phuongnamviet.vn\/wp-content\/uploads\/2023\/11\/vai-bo-poly-chong-tham-truot-nuoc.jpg 757w, https:\/\/phuongnamviet.vn\/wp-content\/uploads\/2023\/11\/vai-bo-poly-chong-tham-truot-nuoc-600x399.jpg 600w, https:\/\/phuongnamviet.vn\/wp-content\/uploads\/2023\/11\/vai-bo-poly-chong-tham-truot-nuoc-300x200.jpg 300w\" sizes=\"auto, (max-width: 757px) 100vw, 757px\" \/>\t\t\t\t\t\t\t\t\t\t\t<\/div>\n\t\t\t\t\t<\/div>\n\n\t\t<div class=\"box-text text-center\" >\n\t\t\t<div class=\"box-text-inner\">\n\t\t\t\t\n<h3 style=\"text-align: center;\"><span data-text-color=\"alert\"><strong>V\u1ea2I CH\u1ed0NG TH\u1ea4M (TI\u00caU CHU\u1ea8N BLUESIGN)<\/strong><\/span><\/h3>\n<p style=\"text-align: center;\"><b>V\u1ea3i kh\u00f4ng th\u1ea5m n\u01b0\u1edbc<\/b>\u00a0c\u00f3 t\u00ean g\u1ecdi ti\u1ebfng Anh l\u00e0 mackintosh, l\u00e0 lo\u1ea1i v\u1ea3i c\u00f3 l\u1edbp ph\u1ee7 ch\u1ed1ng th\u1ea5m, th\u00f4ng th\u01b0\u1eddng bao g\u1ed3m<em><strong>\u00a0polyurethane,\u00a0PVC, PE, TPE,\u00a0PVC\u00a0v\u00e0 s\u00e1p<\/strong><\/em>. \u0110\u00e2y l\u00e0 lo\u1ea1i v\u1ea3i ch\u1ed1ng th\u1ea5m n\u01b0\u1edbc tuy\u1ec7t \u0111\u1ed1i d\u01b0\u1edbi b\u1ea5t k\u1ef3 \u0111i\u1ec1u ki\u1ec7n n\u00e0o.<\/p>\n\t\t\t<\/div>\n\t\t<\/div>\n\t<\/div>\n\t\n\t\t<\/div>\n\t\t\t\t\t<\/div>\n\n\t\n<\/div>\n<div class=\"row\"  id=\"row-1904875274\">\n\n\t<div id=\"col-2060157900\" class=\"col medium-6 small-12 large-6\"  >\n\t\t\t\t<div class=\"col-inner\"  >\n\t\t\t\n\t\t\t\n\t<div class=\"box has-hover   has-hover box-text-bottom\" >\n\n\t\t<div class=\"box-image\" >\n\t\t\t\t\t\t<div class=\"image-cover\" style=\"padding-top:56.25%;\">\n\t\t\t\t<img loading=\"lazy\" decoding=\"async\" width=\"720\" height=\"719\" src=\"https:\/\/phuongnamviet.vn\/wp-content\/uploads\/2023\/11\/100-polyester-anti-mosquito-anti-uv-fabric26017364343.webp\" class=\"attachment- size-\" alt=\"\" srcset=\"https:\/\/phuongnamviet.vn\/wp-content\/uploads\/2023\/11\/100-polyester-anti-mosquito-anti-uv-fabric26017364343.webp 720w, https:\/\/phuongnamviet.vn\/wp-content\/uploads\/2023\/11\/100-polyester-anti-mosquito-anti-uv-fabric26017364343-300x300.webp 300w, https:\/\/phuongnamviet.vn\/wp-content\/uploads\/2023\/11\/100-polyester-anti-mosquito-anti-uv-fabric26017364343-100x100.webp 100w, https:\/\/phuongnamviet.vn\/wp-content\/uploads\/2023\/11\/100-polyester-anti-mosquito-anti-uv-fabric26017364343-600x599.webp 600w, https:\/\/phuongnamviet.vn\/wp-content\/uploads\/2023\/11\/100-polyester-anti-mosquito-anti-uv-fabric26017364343-150x150.webp 150w\" sizes=\"auto, (max-width: 720px) 100vw, 720px\" \/>\t\t\t\t\t\t\t\t\t\t\t<\/div>\n\t\t\t\t\t<\/div>\n\n\t\t<div class=\"box-text text-center\" >\n\t\t\t<div class=\"box-text-inner\">\n\t\t\t\t\n<h3 style=\"text-align: center;\"><span data-text-color=\"alert\"><strong>V\u1ea2I KH\u00c1NG TIA UV (TI\u00caU CHU\u1ea8N BLUESIGN)<\/strong><\/span><\/h3>\n<p style=\"text-align: center;\">D\u1ec7t may V\u1ea3i polyester 100% Polyester kh\u00e1ng khu\u1ea9n, ch\u1ed1ng t\u0129nh \u0111i\u1ec7n v\u00e0 ch\u1ed1ng mu\u1ed7i, ch\u1ed1ng tia c\u1ef1c t\u00edm V\u1ea3i l\u01b0\u1edbi k\u00e9p<\/p>\n\t\t\t<\/div>\n\t\t<\/div>\n\t<\/div>\n\t\n\t\t<\/div>\n\t\t\t\t\t<\/div>\n\n\t\n\n\t<div id=\"col-12603340\" class=\"col medium-6 small-12 large-6\"  >\n\t\t\t\t<div class=\"col-inner\"  >\n\t\t\t\n\t\t\t\n\t<div class=\"box has-hover   has-hover box-text-bottom\" >\n\n\t\t<div class=\"box-image\" >\n\t\t\t\t\t\t<div class=\"image-cover\" style=\"padding-top:56.25%;\">\n\t\t\t\t<img loading=\"lazy\" decoding=\"async\" width=\"2268\" height=\"2267\" src=\"https:\/\/phuongnamviet.vn\/wp-content\/uploads\/2023\/11\/Q22W005.webp\" class=\"attachment- size-\" alt=\"\" srcset=\"https:\/\/phuongnamviet.vn\/wp-content\/uploads\/2023\/11\/Q22W005.webp 2268w, https:\/\/phuongnamviet.vn\/wp-content\/uploads\/2023\/11\/Q22W005-300x300.webp 300w, https:\/\/phuongnamviet.vn\/wp-content\/uploads\/2023\/11\/Q22W005-100x100.webp 100w, https:\/\/phuongnamviet.vn\/wp-content\/uploads\/2023\/11\/Q22W005-600x600.webp 600w, https:\/\/phuongnamviet.vn\/wp-content\/uploads\/2023\/11\/Q22W005-1024x1024.webp 1024w, https:\/\/phuongnamviet.vn\/wp-content\/uploads\/2023\/11\/Q22W005-150x150.webp 150w, https:\/\/phuongnamviet.vn\/wp-content\/uploads\/2023\/11\/Q22W005-768x768.webp 768w, https:\/\/phuongnamviet.vn\/wp-content\/uploads\/2023\/11\/Q22W005-1536x1536.webp 1536w, https:\/\/phuongnamviet.vn\/wp-content\/uploads\/2023\/11\/Q22W005-2048x2048.webp 2048w\" sizes=\"auto, (max-width: 2268px) 100vw, 2268px\" \/>\t\t\t\t\t\t\t\t\t\t\t<\/div>\n\t\t\t\t\t<\/div>\n\n\t\t<div class=\"box-text text-center\" >\n\t\t\t<div class=\"box-text-inner\">\n\t\t\t\t\n<h3 style=\"text-align: center;\"><span data-text-color=\"alert\"><strong>V\u1ea2I PH\u1ee6 NH\u1ef0A PU<\/strong><\/span><\/h3>\n<p style=\"text-align: center;\">V\u1ea3i polyester t\u00e1i ch\u1ebf v\u1edbi l\u1edbp ph\u1ee7 PU, c\u00f3 c\u1ea5u tr\u00fac jacquard \u1edf m\u1eb7t tr\u01b0\u1edbc v\u1edbi x\u1eed l\u00fd v\u1ea3i ch\u1ed1ng th\u1ea5m n\u01b0\u1edbc kh\u00f4ng ch\u1ee9a fluorocarbon, l\u1edbp ph\u1ee7 PU \u1edf m\u1eb7t sau \u0111\u1ec3 t\u0103ng \u0111\u1ed9 b\u1ec1n v\u00e0 kh\u00e1ng n\u01b0\u1edbc c\u1ee7a v\u1ea3i.<\/p>\n\t\t\t<\/div>\n\t\t<\/div>\n\t<\/div>\n\t\n\t\t<\/div>\n\t\t\t\t\t<\/div>\n\n\t\n<\/div>\n<div class=\"container section-title-container\" ><h2 class=\"section-title section-title-center\"><b><\/b><span class=\"section-title-main\" >TIN T\u1ee8C<\/span><b><\/b><\/h2><\/div>\n\n  \n    <div class=\"row large-columns-3 medium-columns-1 small-columns-1 slider row-slider slider-nav-reveal slider-nav-push\"  data-flickity-options='{\"imagesLoaded\": true, \"groupCells\": \"100%\", \"dragThreshold\" : 5, \"cellAlign\": \"left\",\"wrapAround\": true,\"prevNextButtons\": true,\"percentPosition\": true,\"pageDots\": false, \"rightToLeft\": false, \"autoPlay\" : false}'>\n\n  <div class=\"col post-item\" >\n\t\t\t<div class=\"col-inner\">\n\t\t\t<a href=\"https:\/\/phuongnamviet.vn\/?p=99\" class=\"plain\">\n\t\t\t\t<div class=\"box box-normal box-text-bottom box-blog-post has-hover\">\n            \t\t\t\t\t<div class=\"box-image\" >\n  \t\t\t\t\t\t<div class=\"image-cover\" style=\"padding-top:56.25%;\">\n  \t\t\t\t\t\t\t<img loading=\"lazy\" decoding=\"async\" width=\"300\" height=\"225\" src=\"https:\/\/phuongnamviet.vn\/wp-content\/uploads\/2023\/12\/vai-cotton-pha-polyester-300x225.jpg\" class=\"attachment-medium size-medium wp-post-image\" alt=\"\" srcset=\"https:\/\/phuongnamviet.vn\/wp-content\/uploads\/2023\/12\/vai-cotton-pha-polyester-300x225.jpg 300w, https:\/\/phuongnamviet.vn\/wp-content\/uploads\/2023\/12\/vai-cotton-pha-polyester-768x576.jpg 768w, https:\/\/phuongnamviet.vn\/wp-content\/uploads\/2023\/12\/vai-cotton-pha-polyester-600x450.jpg 600w, https:\/\/phuongnamviet.vn\/wp-content\/uploads\/2023\/12\/vai-cotton-pha-polyester.jpg 800w\" sizes=\"auto, (max-width: 300px) 100vw, 300px\" \/>  \t\t\t\t\t\t\t  \t\t\t\t\t\t\t  \t\t\t\t\t\t<\/div>\n  \t\t\t\t\t\t  \t\t\t\t\t<\/div>\n          \t\t\t\t\t<div class=\"box-text text-center\" >\n\t\t\t\t\t<div class=\"box-text-inner blog-post-inner\">\n\n\t\t\t\t\t\n\t\t\t\t\t\t\t\t\t\t<h5 class=\"post-title is-large \">V\u1ea3i cotton pha polyester l\u00e0 g\u00ec? N\u00ean ch\u1ecdn v\u1ea3i cotton 100% hay cotton pha poly<\/h5>\n\t\t\t\t\t\t\t\t\t\t<div class=\"is-divider\"><\/div>\n\t\t\t\t\t\t\t\t\t\t<p class=\"from_the_blog_excerpt \">V\u1ea3i cotton\u00a0l\u00e0 m\u1ed9t trong nh\u1eefng nguy\u00ean li\u1ec7u ph\u1ed5 bi\u1ebfn nh\u1ea5t trong ng\u00e0nh may m\u1eb7c t\u1ea1i [...]\t\t\t\t\t<\/p>\n\t\t\t\t\t                    \n\t\t\t\t\t\n\t\t\t\t\t\n\t\t\t\t\t<\/div>\n\t\t\t\t\t<\/div>\n\t\t\t\t\t\t\t\t\t\t\t\t\t\t\t\t<div class=\"badge absolute top post-date badge-circle\">\n\t\t\t\t\t\t\t<div class=\"badge-inner\">\n\t\t\t\t\t\t\t\t<span class=\"post-date-day\">02<\/span><br>\n\t\t\t\t\t\t\t\t<span class=\"post-date-month is-xsmall\">Th12<\/span>\n\t\t\t\t\t\t\t<\/div>\n\t\t\t\t\t\t<\/div>\n\t\t\t\t\t\t\t\t\t<\/div>\n\t\t\t\t<\/a>\n\t\t\t<\/div>\n\t\t<\/div><div class=\"col post-item\" >\n\t\t\t<div class=\"col-inner\">\n\t\t\t<a href=\"https:\/\/phuongnamviet.vn\/?p=97\" class=\"plain\">\n\t\t\t\t<div class=\"box box-normal box-text-bottom box-blog-post has-hover\">\n            \t\t\t\t\t<div class=\"box-image\" >\n  \t\t\t\t\t\t<div class=\"image-cover\" style=\"padding-top:56.25%;\">\n  \t\t\t\t\t\t\t<img loading=\"lazy\" decoding=\"async\" width=\"300\" height=\"200\" src=\"https:\/\/phuongnamviet.vn\/wp-content\/uploads\/2023\/11\/vai-oxford-300x200.webp\" class=\"attachment-medium size-medium wp-post-image\" alt=\"\" srcset=\"https:\/\/phuongnamviet.vn\/wp-content\/uploads\/2023\/11\/vai-oxford-300x200.webp 300w, https:\/\/phuongnamviet.vn\/wp-content\/uploads\/2023\/11\/vai-oxford-600x400.webp 600w, https:\/\/phuongnamviet.vn\/wp-content\/uploads\/2023\/11\/vai-oxford-1024x683.webp 1024w, https:\/\/phuongnamviet.vn\/wp-content\/uploads\/2023\/11\/vai-oxford-768x512.webp 768w, https:\/\/phuongnamviet.vn\/wp-content\/uploads\/2023\/11\/vai-oxford.webp 1200w\" sizes=\"auto, (max-width: 300px) 100vw, 300px\" \/>  \t\t\t\t\t\t\t  \t\t\t\t\t\t\t  \t\t\t\t\t\t<\/div>\n  \t\t\t\t\t\t  \t\t\t\t\t<\/div>\n          \t\t\t\t\t<div class=\"box-text text-center\" >\n\t\t\t\t\t<div class=\"box-text-inner blog-post-inner\">\n\n\t\t\t\t\t\n\t\t\t\t\t\t\t\t\t\t<h5 class=\"post-title is-large \">V\u1ea3i d\u00f9 polyester l\u00e0 g\u00ec? \u0110\u1eb7c \u0111i\u1ec3m, Ph\u00e2n lo\u1ea1i v\u00e0 \u1ee8ng d\u1ee5ng<\/h5>\n\t\t\t\t\t\t\t\t\t\t<div class=\"is-divider\"><\/div>\n\t\t\t\t\t\t\t\t\t\t<p class=\"from_the_blog_excerpt \">V\u1ea3i d\u00f9 polyester\u00a0l\u00e0 m\u1ed9t ph\u00e2n lo\u1ea1i c\u1ee7a ch\u1ea5t li\u1ec7u polyester. Nh\u1eefng s\u1ee3i polyester li\u00ean k\u1ebft [...]\t\t\t\t\t<\/p>\n\t\t\t\t\t                    \n\t\t\t\t\t\n\t\t\t\t\t\n\t\t\t\t\t<\/div>\n\t\t\t\t\t<\/div>\n\t\t\t\t\t\t\t\t\t\t\t\t\t\t\t\t<div class=\"badge absolute top post-date badge-circle\">\n\t\t\t\t\t\t\t<div class=\"badge-inner\">\n\t\t\t\t\t\t\t\t<span class=\"post-date-day\">02<\/span><br>\n\t\t\t\t\t\t\t\t<span class=\"post-date-month is-xsmall\">Th12<\/span>\n\t\t\t\t\t\t\t<\/div>\n\t\t\t\t\t\t<\/div>\n\t\t\t\t\t\t\t\t\t<\/div>\n\t\t\t\t<\/a>\n\t\t\t<\/div>\n\t\t<\/div><div class=\"col post-item\" >\n\t\t\t<div class=\"col-inner\">\n\t\t\t<a href=\"https:\/\/phuongnamviet.vn\/?p=62\" class=\"plain\">\n\t\t\t\t<div class=\"box box-normal box-text-bottom box-blog-post has-hover\">\n            \t\t\t\t\t<div class=\"box-image\" >\n  \t\t\t\t\t\t<div class=\"image-cover\" style=\"padding-top:56.25%;\">\n  \t\t\t\t\t\t\t<img loading=\"lazy\" decoding=\"async\" width=\"300\" height=\"200\" src=\"https:\/\/phuongnamviet.vn\/wp-content\/uploads\/2023\/11\/vai-oxford-300x200.webp\" class=\"attachment-medium size-medium wp-post-image\" alt=\"\" srcset=\"https:\/\/phuongnamviet.vn\/wp-content\/uploads\/2023\/11\/vai-oxford-300x200.webp 300w, https:\/\/phuongnamviet.vn\/wp-content\/uploads\/2023\/11\/vai-oxford-600x400.webp 600w, https:\/\/phuongnamviet.vn\/wp-content\/uploads\/2023\/11\/vai-oxford-1024x683.webp 1024w, https:\/\/phuongnamviet.vn\/wp-content\/uploads\/2023\/11\/vai-oxford-768x512.webp 768w, https:\/\/phuongnamviet.vn\/wp-content\/uploads\/2023\/11\/vai-oxford.webp 1200w\" sizes=\"auto, (max-width: 300px) 100vw, 300px\" \/>  \t\t\t\t\t\t\t  \t\t\t\t\t\t\t  \t\t\t\t\t\t<\/div>\n  \t\t\t\t\t\t  \t\t\t\t\t<\/div>\n          \t\t\t\t\t<div class=\"box-text text-center\" >\n\t\t\t\t\t<div class=\"box-text-inner blog-post-inner\">\n\n\t\t\t\t\t\n\t\t\t\t\t\t\t\t\t\t<h5 class=\"post-title is-large \">V\u1ea2I OXFORD L\u00c0 G\u00cc? V\u00cc SAO CH\u00daNG L\u1ea0I \u0110\u01af\u1ee2C \u01afA CHU\u1ed8NG TRONG TH\u1edcI TRANG?<\/h5>\n\t\t\t\t\t\t\t\t\t\t<div class=\"is-divider\"><\/div>\n\t\t\t\t\t\t\t\t\t\t<p class=\"from_the_blog_excerpt \">1. V\u1ea3i Oxford l\u00e0 g\u00ec? V\u1ea3i Oxford l\u00e0 lo\u1ea1i v\u1ea3i d\u1ec7t \u0111\u01b0\u1ee3c pha tr\u1ed9n gi\u1eefa [...]\t\t\t\t\t<\/p>\n\t\t\t\t\t                    \n\t\t\t\t\t\n\t\t\t\t\t\n\t\t\t\t\t<\/div>\n\t\t\t\t\t<\/div>\n\t\t\t\t\t\t\t\t\t\t\t\t\t\t\t\t<div class=\"badge absolute top post-date badge-circle\">\n\t\t\t\t\t\t\t<div class=\"badge-inner\">\n\t\t\t\t\t\t\t\t<span class=\"post-date-day\">30<\/span><br>\n\t\t\t\t\t\t\t\t<span class=\"post-date-month is-xsmall\">Th11<\/span>\n\t\t\t\t\t\t\t<\/div>\n\t\t\t\t\t\t<\/div>\n\t\t\t\t\t\t\t\t\t<\/div>\n\t\t\t\t<\/a>\n\t\t\t<\/div>\n\t\t<\/div><\/div>\n","protected":false},"excerpt":{"rendered":"","protected":false},"author":1,"featured_media":13,"parent":0,"menu_order":0,"comment_status":"closed","ping_status":"closed","template":"","meta":{"footnotes":""},"class_list":["post-12","page","type-page","status-publish","has-post-thumbnail","hentry"],"_links":{"self":[{"href":"https:\/\/phuongnamviet.vn\/index.php?rest_route=\/wp\/v2\/pages\/12","targetHints":{"allow":["GET"]}}],"collection":[{"href":"https:\/\/phuongnamviet.vn\/index.php?rest_route=\/wp\/v2\/pages"}],"about":[{"href":"https:\/\/phuongnamviet.vn\/index.php?rest_route=\/wp\/v2\/types\/page"}],"author":[{"embeddable":true,"href":"https:\/\/phuongnamviet.vn\/index.php?rest_route=\/wp\/v2\/users\/1"}],"replies":[{"embeddable":true,"href":"https:\/\/phuongnamviet.vn\/index.php?rest_route=%2Fwp%2Fv2%2Fcomments&post=12"}],"version-history":[{"count":8,"href":"https:\/\/phuongnamviet.vn\/index.php?rest_route=\/wp\/v2\/pages\/12\/revisions"}],"predecessor-version":[{"id":118,"href":"https:\/\/phuongnamviet.vn\/index.php?rest_route=\/wp\/v2\/pages\/12\/revisions\/118"}],"wp:featuredmedia":[{"embeddable":true,"href":"https:\/\/phuongnamviet.vn\/index.php?rest_route=\/wp\/v2\/media\/13"}],"wp:attachment":[{"href":"https:\/\/phuongnamviet.vn\/index.php?rest_route=%2Fwp%2Fv2%2Fmedia&parent=12"}],"curies":[{"name":"wp","href":"https:\/\/api.w.org\/{rel}","templated":true}]}}